{"id":5884,"date":"2017-12-13T10:09:02","date_gmt":"2017-12-13T09:09:02","guid":{"rendered":"https:\/\/vertexcomunicacio.com\/projectes-web\/"},"modified":"2017-12-29T12:10:30","modified_gmt":"2017-12-29T11:10:30","slug":"proyectos-web","status":"publish","type":"page","link":"https:\/\/vertexcomunicacio.com\/es\/proyectos-web\/","title":{"rendered":"Proyectos web"},"content":{"rendered":"<p><div class=\"fusion-fullwidth fullwidth-box fusion-builder-row-1 fusion-flex-container nonhundred-percent-fullwidth non-hundred-percent-height-scrolling\" style=\"--awb-border-radius-top-left:0px;--awb-border-radius-top-right:0px;--awb-border-radius-bottom-right:0px;--awb-border-radius-bottom-left:0px;--awb-padding-top:40px;--awb-padding-right:3.334%;--awb-padding-left:3.334%;\" id=\"post-titol\" ><div class=\"fusion-builder-row fusion-row fusion-flex-align-items-flex-start\" style=\"max-width:calc( 1200px + 0px );margin-left: calc(-0px \/ 2 );margin-right: calc(-0px \/ 2 );\"><div class=\"fusion-layout-column fusion_builder_column fusion-builder-column-0 fusion_builder_column_1_1 1_1 fusion-flex-column\" style=\"--awb-padding-top:0px;--awb-padding-right:0px;--awb-padding-bottom:0px;--awb-padding-left:0px;--awb-bg-size:cover;--awb-width-large:100%;--awb-spacing-right-large:0px;--awb-spacing-left-large:0px;--awb-width-medium:100%;--awb-spacing-right-medium:0px;--awb-spacing-left-medium:0px;--awb-width-small:100%;--awb-spacing-right-small:0px;--awb-spacing-left-small:0px;\"><div class=\"fusion-column-wrapper fusion-flex-justify-content-flex-start fusion-content-layout-column\"><div class=\"fusion-title title fusion-title-1 fusion-sep-none fusion-title-text fusion-title-size-one\" style=\"--awb-margin-bottom:0px;\"><h1 class=\"title-heading-left\" style=\"margin:0;\"><span style=\"color: #4fb047;\"><span style=\"font-weight: 400;\">Proyectos web<\/span><\/span><\/h1><\/div><div class=\"fusion-separator fusion-full-width-sep\" style=\"align-self: center;margin-left: auto;margin-right: auto;width:100%;\"><div class=\"fusion-separator-border sep-single sep-solid\" style=\"border-color:#4fb047;border-top-width:1px;\"><\/div><\/div><\/div><\/div><\/div><\/div><div class=\"fusion-fullwidth fullwidth-box fusion-builder-row-2 fusion-flex-container nonhundred-percent-fullwidth non-hundred-percent-height-scrolling\" style=\"--awb-border-radius-top-left:0px;--awb-border-radius-top-right:0px;--awb-border-radius-bottom-right:0px;--awb-border-radius-bottom-left:0px;--awb-padding-top:0px;--awb-padding-right:0px;--awb-padding-bottom:0px;--awb-padding-left:0px;--awb-margin-top:0px;--awb-margin-bottom:0px;\" id=\"post-titol\" ><div class=\"fusion-builder-row fusion-row fusion-flex-align-items-flex-start\" style=\"max-width:calc( 1200px + 0px );margin-left: calc(-0px \/ 2 );margin-right: calc(-0px \/ 2 );\"><div class=\"fusion-layout-column fusion_builder_column fusion-builder-column-1 fusion_builder_column_1_1 1_1 fusion-flex-column\" style=\"--awb-padding-top:0px;--awb-padding-right:0px;--awb-padding-bottom:0px;--awb-padding-left:0px;--awb-bg-size:cover;--awb-width-large:100%;--awb-margin-top-large:0px;--awb-spacing-right-large:0px;--awb-margin-bottom-large:0px;--awb-spacing-left-large:0px;--awb-width-medium:100%;--awb-spacing-right-medium:0px;--awb-spacing-left-medium:0px;--awb-width-small:100%;--awb-spacing-right-small:0px;--awb-spacing-left-small:0px;\"><div class=\"fusion-column-wrapper fusion-flex-justify-content-flex-start fusion-content-layout-column\"><div class=\"fusion-text fusion-text-1\"><p><img decoding=\"async\" src=\"\/wp-content\/uploads\/2017\/12\/descat_web.jpg\" alt=\"Proyectos web\" width=\"1200\" height=\"250\" \/><\/p>\n<\/div><\/div><\/div><\/div><\/div><div class=\"fusion-fullwidth fullwidth-box fusion-builder-row-3 fusion-flex-container nonhundred-percent-fullwidth non-hundred-percent-height-scrolling\" style=\"--awb-border-color:#4fb047;--awb-border-radius-top-left:0px;--awb-border-radius-top-right:0px;--awb-border-radius-bottom-right:0px;--awb-border-radius-bottom-left:0px;--awb-padding-top:0px;--awb-padding-bottom:0px;--awb-border-sizes-top:0px;--awb-border-sizes-bottom:0px;\" id=\"post-contingut\" ><div class=\"fusion-builder-row fusion-row fusion-flex-align-items-flex-start\" style=\"max-width:calc( 1200px + 0px );margin-left: calc(-0px \/ 2 );margin-right: calc(-0px \/ 2 );\"><div class=\"fusion-layout-column fusion_builder_column fusion-builder-column-2 fusion_builder_column_2_3 2_3 fusion-flex-column\" style=\"--awb-padding-top:0px;--awb-padding-right:0px;--awb-padding-bottom:0px;--awb-padding-left:0px;--awb-bg-size:cover;--awb-width-large:66.666666666667%;--awb-margin-top-large:0px;--awb-spacing-right-large:0;--awb-margin-bottom-large:0px;--awb-spacing-left-large:0px;--awb-width-medium:66.666666666667%;--awb-spacing-right-medium:0;--awb-spacing-left-medium:0px;--awb-width-small:100%;--awb-spacing-right-small:0px;--awb-spacing-left-small:0px;\" id=\"div-esquerra\"><div class=\"fusion-column-wrapper fusion-flex-justify-content-flex-start fusion-content-layout-column\"><div class=\"fusion-text fusion-text-2\"><h2 style=\"text-align: left;\"><b>El mejor dise\u00f1o y desarrollo para tus proyectos web<\/b><\/h2>\n<p style=\"text-align: justify;\"><span style=\"font-weight: 400;\">Como agencia creativa digital, en <\/span><b>V\u00e8rtex Comunicaci\u00f3 <\/b><span style=\"font-weight: 400;\">te ofrecemos soluciones profesionales para dar vida a tus proyectos web. Nos ocupamos desde la definici\u00f3n de la estrategia de tu comunicaci\u00f3n <\/span><i><span style=\"font-weight: 400;\">online<\/span><\/i><span style=\"font-weight: 400;\"> hasta el desarrollo de una amplia variedad de proyectos web (p\u00e1ginas web, tiendas <\/span><i><span style=\"font-weight: 400;\">online<\/span><\/i><span style=\"font-weight: 400;\">, blogs, gesti\u00f3n de redes sociales, etc.), y tambi\u00e9n del posterior mantenimiento, para que t\u00fa no tengas que preocuparte de nada. Y como en nuestra agencia tenemos una productora audiovisual, un estudio de dise\u00f1o gr\u00e1fico y un departamento de redacci\u00f3n de contenidos, podremos desarrollar tus proyectos web de forma integral para conseguir los mejores resultados.<\/span><\/p>\n<p style=\"text-align: justify;\"><span style=\"font-weight: 400;\">En un mundo interconectado 24 horas al d\u00eda los 365 d\u00edas del a\u00f1o, es necesario destacar para diferenciarse de la competencia. Para lograrlo, se debe trabajar con una estrategia que gu\u00ede el camino de todos los elementos que tendremos que tener en cuenta: dise\u00f1o gr\u00e1fico, creaci\u00f3n de contenidos escritos y audiovisuales, posicionamiento SEO, desarrollo web, mantenimiento, protocolos de seguridad, etc. Si quieres destacar por encima de los dem\u00e1s en este escaparate mundial, <\/span><b>V\u00e8rtex Comunicaci\u00f3<\/b><span style=\"font-weight: 400;\"> es tu agencia creativa digital. <\/span><b>Nosotros daremos visibilidad a tus proyectos web<\/b><span style=\"font-weight: 400;\">.<\/span><\/p>\n<\/div><div class=\"fusion-text fusion-text-3\"><div id=\"pantalla\" style=\"background: #d6d6d6; padding: 30px 5.34%;\">\n<h2><b><i>Los productos invisibles no se pueden comprar<\/i><\/b><\/h2>\n<h3><b>\u00bfC\u00f3mo lo hacemos?<\/b><\/h3>\n<p><img decoding=\"async\" class=\"aligncenter\" src=\"\/wp-content\/uploads\/2017\/12\/serveis_web_es.jpg\" alt=\"Proyectos web\" width=\"800\" height=\"260\" \/><\/p>\n<\/div>\n<\/div><div class=\"fusion-text fusion-text-4\"><div id=\"mobil\" style=\"background: #d6d6d6; padding: 30px 5.34%;\">\n<style>#pantalla > p {margin:0;}<\/style>\n<h2><b><i>Los productos invisibles no se pueden comprar<\/i><\/b><\/h2>\n<h3><b>\u00bfC\u00f3mo lo hacemos?<\/b><\/h3>\n<p><img decoding=\"async\" class=\"size-full wp-image-5889 aligncenter\" src=\"https:\/\/vertexcomunicacio.com\/wp-content\/uploads\/2017\/12\/serveis_web_mobil_es.jpg\" alt=\"Proyectos web\" width=\"400\" height=\"666\" srcset=\"https:\/\/vertexcomunicacio.com\/wp-content\/uploads\/2017\/12\/serveis_web_mobil_es-180x300.jpg 180w, https:\/\/vertexcomunicacio.com\/wp-content\/uploads\/2017\/12\/serveis_web_mobil_es-200x333.jpg 200w, https:\/\/vertexcomunicacio.com\/wp-content\/uploads\/2017\/12\/serveis_web_mobil_es.jpg 400w\" sizes=\"(max-width: 400px) 100vw, 400px\" \/><\/p>\n<\/div>\n<\/div><\/div><\/div><div class=\"fusion-layout-column fusion_builder_column fusion-builder-column-3 fusion_builder_column_1_3 1_3 fusion-flex-column\" style=\"--awb-padding-top:0px;--awb-padding-right:0px;--awb-padding-bottom:0px;--awb-padding-left:0px;--awb-bg-color:#747577;--awb-bg-size:cover;--awb-border-color:#4fb047;--awb-border-style:solid;--awb-width-large:33.333333333333%;--awb-margin-top-large:0px;--awb-spacing-right-large:0px;--awb-margin-bottom-large:0px;--awb-spacing-left-large:0;--awb-width-medium:33.333333333333%;--awb-spacing-right-medium:0px;--awb-spacing-left-medium:0;--awb-width-small:100%;--awb-spacing-right-small:0px;--awb-spacing-left-small:0px;\" id=\"div3\"><div class=\"fusion-column-wrapper fusion-flex-justify-content-flex-start fusion-content-layout-column\"><div class=\"fusion-text fusion-text-5\"><div id=\"div-dreta\" style=\"background: #747577;\">\n<h2><span style=\"color: #ffffff;\"><b>Nuestros servicios para tus proyectos web<\/b><\/span><\/h2>\n<ul style=\"margin-bottom: 50px;\">\n<li><a href=\"https:\/\/vertexcomunicacio.com\/es\/servicios\/diseno-desarrollo-web\/\">Dise\u00f1o y desarrollo web<\/a><\/li>\n<li><a href=\"https:\/\/vertexcomunicacio.com\/es\/servicios\/seo-contenidos-posicionamiento-web\/\">SEO de contenidos y posicionamiento web<\/a><\/li>\n<li><a href=\"https:\/\/vertexcomunicacio.com\/es\/servicios\/alojamiento-web-registro-dominios\/\">Alojamiento web y registro de dominios<\/a><\/li>\n<li><a href=\"https:\/\/vertexcomunicacio.com\/es\/servicios\/mantenimiento-web\/\">Mantenimiento web<\/a><\/li>\n<li><a href=\"https:\/\/vertexcomunicacio.com\/es\/servicios\/gestion-blogs-redes-sociales\/\">Gesti\u00f3n de blogs y redes sociales <\/a><\/li>\n<li><a href=\"https:\/\/vertexcomunicacio.com\/es\/servicios\/mail-marketing-newsletters-emailing\/\">E-mail marketing, newsletters y emailing<\/a><\/li>\n<li><a href=\"https:\/\/vertexcomunicacio.com\/es\/servicios\/tienda-on-line\/\">Tienda online <\/a><\/li>\n<li><a href=\"https:\/\/vertexcomunicacio.com\/es\/servicios\/protocolos-seguridad-https\/\">Protocolos de seguridad HTTPS<\/a><\/li>\n<\/ul>\n<p><a id=\"cataleg\" style=\"font-size: 16px; border: 1px solid white; padding: 7px;\" href=\"https:\/\/vertexcomunicacio.com\/es\/servicios\/#web\">Cat\u00e1logo de Servicios<\/a><\/p>\n<\/div>\n<\/div><div class=\"fusion-separator fusion-full-width-sep\" style=\"align-self: center;margin-left: auto;margin-right: auto;width:100%;\"><div class=\"fusion-separator-border sep-single sep-solid\" style=\"border-color:#4fb047;border-top-width:0px;\"><\/div><\/div><\/div><\/div><\/div><\/div><\/p>\n","protected":false},"excerpt":{"rendered":"","protected":false},"author":1,"featured_media":5188,"parent":0,"menu_order":0,"comment_status":"closed","ping_status":"closed","template":"","meta":{"_acf_changed":false,"footnotes":""},"class_list":["post-5884","page","type-page","status-publish","has-post-thumbnail","hentry"],"acf":[],"yoast_head":"<!-- This site is optimized with the Yoast SEO plugin v26.6 - https:\/\/yoast.com\/wordpress\/plugins\/seo\/ -->\n<title>Proyectos web | V\u00e8rtex Comunicaci\u00f3<\/title>\n<meta name=\"description\" content=\"Agencia creativa digital especializada en abrir tu marca al mundo. Hacemos realidad tus proyectos web: p\u00e1ginas web, tiendas online, blogs, etc.\" \/>\n<meta name=\"robots\" content=\"index, follow, max-snippet:-1, max-image-preview:large, max-video-preview:-1\" \/>\n<link rel=\"canonical\" href=\"https:\/\/vertexcomunicacio.com\/es\/proyectos-web\/\" \/>\n<meta property=\"og:locale\" content=\"es_ES\" \/>\n<meta property=\"og:type\" content=\"article\" \/>\n<meta property=\"og:title\" content=\"Proyectos web | V\u00e8rtex Comunicaci\u00f3\" \/>\n<meta property=\"og:description\" content=\"Agencia creativa digital especializada en abrir tu marca al mundo. Hacemos realidad tus proyectos web: p\u00e1ginas web, tiendas online, blogs, etc.\" \/>\n<meta property=\"og:url\" content=\"https:\/\/vertexcomunicacio.com\/es\/proyectos-web\/\" \/>\n<meta property=\"og:site_name\" content=\"V\u00e8rtex Comunicaci\u00f3\" \/>\n<meta property=\"article:publisher\" content=\"https:\/\/www.facebook.com\/vertexcomunicacio\/\" \/>\n<meta property=\"article:modified_time\" content=\"2017-12-29T11:10:30+00:00\" \/>\n<meta property=\"og:image\" content=\"https:\/\/vertexcomunicacio.com\/wp-content\/uploads\/2017\/12\/imatge_web.jpg\" \/>\n\t<meta property=\"og:image:width\" content=\"600\" \/>\n\t<meta property=\"og:image:height\" content=\"300\" \/>\n\t<meta property=\"og:image:type\" content=\"image\/jpeg\" \/>\n<meta name=\"twitter:card\" content=\"summary_large_image\" \/>\n<meta name=\"twitter:site\" content=\"@vertexcomunica\" \/>\n<meta name=\"twitter:label1\" content=\"Tiempo de lectura\" \/>\n\t<meta name=\"twitter:data1\" content=\"5 minutos\" \/>\n<script type=\"application\/ld+json\" class=\"yoast-schema-graph\">{\"@context\":\"https:\/\/schema.org\",\"@graph\":[{\"@type\":\"WebPage\",\"@id\":\"https:\/\/vertexcomunicacio.com\/es\/proyectos-web\/\",\"url\":\"https:\/\/vertexcomunicacio.com\/es\/proyectos-web\/\",\"name\":\"Proyectos web | V\u00e8rtex Comunicaci\u00f3\",\"isPartOf\":{\"@id\":\"https:\/\/vertexcomunicacio.com\/#website\"},\"primaryImageOfPage\":{\"@id\":\"https:\/\/vertexcomunicacio.com\/es\/proyectos-web\/#primaryimage\"},\"image\":{\"@id\":\"https:\/\/vertexcomunicacio.com\/es\/proyectos-web\/#primaryimage\"},\"thumbnailUrl\":\"https:\/\/vertexcomunicacio.com\/wp-content\/uploads\/2017\/12\/imatge_web.jpg\",\"datePublished\":\"2017-12-13T09:09:02+00:00\",\"dateModified\":\"2017-12-29T11:10:30+00:00\",\"description\":\"Agencia creativa digital especializada en abrir tu marca al mundo. Hacemos realidad tus proyectos web: p\u00e1ginas web, tiendas online, blogs, etc.\",\"breadcrumb\":{\"@id\":\"https:\/\/vertexcomunicacio.com\/es\/proyectos-web\/#breadcrumb\"},\"inLanguage\":\"es\",\"potentialAction\":[{\"@type\":\"ReadAction\",\"target\":[\"https:\/\/vertexcomunicacio.com\/es\/proyectos-web\/\"]}]},{\"@type\":\"ImageObject\",\"inLanguage\":\"es\",\"@id\":\"https:\/\/vertexcomunicacio.com\/es\/proyectos-web\/#primaryimage\",\"url\":\"https:\/\/vertexcomunicacio.com\/wp-content\/uploads\/2017\/12\/imatge_web.jpg\",\"contentUrl\":\"https:\/\/vertexcomunicacio.com\/wp-content\/uploads\/2017\/12\/imatge_web.jpg\",\"width\":600,\"height\":300,\"caption\":\"Proyectos web\"},{\"@type\":\"BreadcrumbList\",\"@id\":\"https:\/\/vertexcomunicacio.com\/es\/proyectos-web\/#breadcrumb\",\"itemListElement\":[{\"@type\":\"ListItem\",\"position\":1,\"name\":\"Inici\",\"item\":\"https:\/\/vertexcomunicacio.com\/es\/\"},{\"@type\":\"ListItem\",\"position\":2,\"name\":\"Proyectos web\"}]},{\"@type\":\"WebSite\",\"@id\":\"https:\/\/vertexcomunicacio.com\/#website\",\"url\":\"https:\/\/vertexcomunicacio.com\/\",\"name\":\"V\u00e8rtex Comunicaci\u00f3\",\"description\":\"Comunicaci\u00f3, creaci\u00f3 de continguts, disseny gr\u00e0fic, creaci\u00f3 audiovisual i projectes web\",\"publisher\":{\"@id\":\"https:\/\/vertexcomunicacio.com\/#organization\"},\"potentialAction\":[{\"@type\":\"SearchAction\",\"target\":{\"@type\":\"EntryPoint\",\"urlTemplate\":\"https:\/\/vertexcomunicacio.com\/?s={search_term_string}\"},\"query-input\":{\"@type\":\"PropertyValueSpecification\",\"valueRequired\":true,\"valueName\":\"search_term_string\"}}],\"inLanguage\":\"es\"},{\"@type\":\"Organization\",\"@id\":\"https:\/\/vertexcomunicacio.com\/#organization\",\"name\":\"V\u00e8rtex Creatius, SL\",\"url\":\"https:\/\/vertexcomunicacio.com\/\",\"logo\":{\"@type\":\"ImageObject\",\"inLanguage\":\"es\",\"@id\":\"https:\/\/vertexcomunicacio.com\/#\/schema\/logo\/image\/\",\"url\":\"https:\/\/vertexcomunicacio.com\/wp-content\/uploads\/2017\/12\/logo_header.png\",\"contentUrl\":\"https:\/\/vertexcomunicacio.com\/wp-content\/uploads\/2017\/12\/logo_header.png\",\"width\":178,\"height\":155,\"caption\":\"V\u00e8rtex Creatius, SL\"},\"image\":{\"@id\":\"https:\/\/vertexcomunicacio.com\/#\/schema\/logo\/image\/\"},\"sameAs\":[\"https:\/\/www.facebook.com\/vertexcomunicacio\/\",\"https:\/\/x.com\/vertexcomunica\",\"https:\/\/www.instagram.com\/vertexcomunicacio\/\",\"https:\/\/www.linkedin.com\/company\/5138308\/\",\"https:\/\/www.youtube.com\/channel\/UCJ1CgeK2-epqn6GatzDMwZg\"]}]}<\/script>\n<!-- \/ Yoast SEO plugin. -->","yoast_head_json":{"title":"Proyectos web | V\u00e8rtex Comunicaci\u00f3","description":"Agencia creativa digital especializada en abrir tu marca al mundo. Hacemos realidad tus proyectos web: p\u00e1ginas web, tiendas online, blogs, etc.","robots":{"index":"index","follow":"follow","max-snippet":"max-snippet:-1","max-image-preview":"max-image-preview:large","max-video-preview":"max-video-preview:-1"},"canonical":"https:\/\/vertexcomunicacio.com\/es\/proyectos-web\/","og_locale":"es_ES","og_type":"article","og_title":"Proyectos web | V\u00e8rtex Comunicaci\u00f3","og_description":"Agencia creativa digital especializada en abrir tu marca al mundo. Hacemos realidad tus proyectos web: p\u00e1ginas web, tiendas online, blogs, etc.","og_url":"https:\/\/vertexcomunicacio.com\/es\/proyectos-web\/","og_site_name":"V\u00e8rtex Comunicaci\u00f3","article_publisher":"https:\/\/www.facebook.com\/vertexcomunicacio\/","article_modified_time":"2017-12-29T11:10:30+00:00","og_image":[{"width":600,"height":300,"url":"https:\/\/vertexcomunicacio.com\/wp-content\/uploads\/2017\/12\/imatge_web.jpg","type":"image\/jpeg"}],"twitter_card":"summary_large_image","twitter_site":"@vertexcomunica","twitter_misc":{"Tiempo de lectura":"5 minutos"},"schema":{"@context":"https:\/\/schema.org","@graph":[{"@type":"WebPage","@id":"https:\/\/vertexcomunicacio.com\/es\/proyectos-web\/","url":"https:\/\/vertexcomunicacio.com\/es\/proyectos-web\/","name":"Proyectos web | V\u00e8rtex Comunicaci\u00f3","isPartOf":{"@id":"https:\/\/vertexcomunicacio.com\/#website"},"primaryImageOfPage":{"@id":"https:\/\/vertexcomunicacio.com\/es\/proyectos-web\/#primaryimage"},"image":{"@id":"https:\/\/vertexcomunicacio.com\/es\/proyectos-web\/#primaryimage"},"thumbnailUrl":"https:\/\/vertexcomunicacio.com\/wp-content\/uploads\/2017\/12\/imatge_web.jpg","datePublished":"2017-12-13T09:09:02+00:00","dateModified":"2017-12-29T11:10:30+00:00","description":"Agencia creativa digital especializada en abrir tu marca al mundo. Hacemos realidad tus proyectos web: p\u00e1ginas web, tiendas online, blogs, etc.","breadcrumb":{"@id":"https:\/\/vertexcomunicacio.com\/es\/proyectos-web\/#breadcrumb"},"inLanguage":"es","potentialAction":[{"@type":"ReadAction","target":["https:\/\/vertexcomunicacio.com\/es\/proyectos-web\/"]}]},{"@type":"ImageObject","inLanguage":"es","@id":"https:\/\/vertexcomunicacio.com\/es\/proyectos-web\/#primaryimage","url":"https:\/\/vertexcomunicacio.com\/wp-content\/uploads\/2017\/12\/imatge_web.jpg","contentUrl":"https:\/\/vertexcomunicacio.com\/wp-content\/uploads\/2017\/12\/imatge_web.jpg","width":600,"height":300,"caption":"Proyectos web"},{"@type":"BreadcrumbList","@id":"https:\/\/vertexcomunicacio.com\/es\/proyectos-web\/#breadcrumb","itemListElement":[{"@type":"ListItem","position":1,"name":"Inici","item":"https:\/\/vertexcomunicacio.com\/es\/"},{"@type":"ListItem","position":2,"name":"Proyectos web"}]},{"@type":"WebSite","@id":"https:\/\/vertexcomunicacio.com\/#website","url":"https:\/\/vertexcomunicacio.com\/","name":"V\u00e8rtex Comunicaci\u00f3","description":"Comunicaci\u00f3, creaci\u00f3 de continguts, disseny gr\u00e0fic, creaci\u00f3 audiovisual i projectes web","publisher":{"@id":"https:\/\/vertexcomunicacio.com\/#organization"},"potentialAction":[{"@type":"SearchAction","target":{"@type":"EntryPoint","urlTemplate":"https:\/\/vertexcomunicacio.com\/?s={search_term_string}"},"query-input":{"@type":"PropertyValueSpecification","valueRequired":true,"valueName":"search_term_string"}}],"inLanguage":"es"},{"@type":"Organization","@id":"https:\/\/vertexcomunicacio.com\/#organization","name":"V\u00e8rtex Creatius, SL","url":"https:\/\/vertexcomunicacio.com\/","logo":{"@type":"ImageObject","inLanguage":"es","@id":"https:\/\/vertexcomunicacio.com\/#\/schema\/logo\/image\/","url":"https:\/\/vertexcomunicacio.com\/wp-content\/uploads\/2017\/12\/logo_header.png","contentUrl":"https:\/\/vertexcomunicacio.com\/wp-content\/uploads\/2017\/12\/logo_header.png","width":178,"height":155,"caption":"V\u00e8rtex Creatius, SL"},"image":{"@id":"https:\/\/vertexcomunicacio.com\/#\/schema\/logo\/image\/"},"sameAs":["https:\/\/www.facebook.com\/vertexcomunicacio\/","https:\/\/x.com\/vertexcomunica","https:\/\/www.instagram.com\/vertexcomunicacio\/","https:\/\/www.linkedin.com\/company\/5138308\/","https:\/\/www.youtube.com\/channel\/UCJ1CgeK2-epqn6GatzDMwZg"]}]}},"_links":{"self":[{"href":"https:\/\/vertexcomunicacio.com\/es\/wp-json\/wp\/v2\/pages\/5884","targetHints":{"allow":["GET"]}}],"collection":[{"href":"https:\/\/vertexcomunicacio.com\/es\/wp-json\/wp\/v2\/pages"}],"about":[{"href":"https:\/\/vertexcomunicacio.com\/es\/wp-json\/wp\/v2\/types\/page"}],"author":[{"embeddable":true,"href":"https:\/\/vertexcomunicacio.com\/es\/wp-json\/wp\/v2\/users\/1"}],"replies":[{"embeddable":true,"href":"https:\/\/vertexcomunicacio.com\/es\/wp-json\/wp\/v2\/comments?post=5884"}],"version-history":[{"count":4,"href":"https:\/\/vertexcomunicacio.com\/es\/wp-json\/wp\/v2\/pages\/5884\/revisions"}],"predecessor-version":[{"id":6684,"href":"https:\/\/vertexcomunicacio.com\/es\/wp-json\/wp\/v2\/pages\/5884\/revisions\/6684"}],"wp:featuredmedia":[{"embeddable":true,"href":"https:\/\/vertexcomunicacio.com\/es\/wp-json\/wp\/v2\/media\/5188"}],"wp:attachment":[{"href":"https:\/\/vertexcomunicacio.com\/es\/wp-json\/wp\/v2\/media?parent=5884"}],"curies":[{"name":"wp","href":"https:\/\/api.w.org\/{rel}","templated":true}]}}