{"id":5316,"date":"2017-10-13T11:12:01","date_gmt":"2017-10-13T09:12:01","guid":{"rendered":"https:\/\/vertexcomunicacio.com\/vertex\/"},"modified":"2022-08-05T10:56:51","modified_gmt":"2022-08-05T08:56:51","slug":"vertex","status":"publish","type":"page","link":"https:\/\/vertexcomunicacio.com\/es\/vertex\/","title":{"rendered":"Comunicaci\u00f3n integral"},"content":{"rendered":"<p><div class=\"fusion-fullwidth fullwidth-box fusion-builder-row-1 fusion-flex-container nonhundred-percent-fullwidth non-hundred-percent-height-scrolling\" style=\"--awb-border-radius-top-left:0px;--awb-border-radius-top-right:0px;--awb-border-radius-bottom-right:0px;--awb-border-radius-bottom-left:0px;--awb-padding-top:20px;--awb-padding-right:3.334%;--awb-padding-left:3.334%;\" id=\"post-titol\" ><div class=\"fusion-builder-row fusion-row fusion-flex-align-items-flex-start\" style=\"max-width:1248px;margin-left: calc(-4% \/ 2 );margin-right: calc(-4% \/ 2 );\"><div class=\"fusion-layout-column fusion_builder_column fusion-builder-column-0 fusion_builder_column_1_1 1_1 fusion-flex-column\" style=\"--awb-padding-right:0px;--awb-padding-left:0px;--awb-bg-size:cover;--awb-width-large:100%;--awb-spacing-right-large:1.92%;--awb-spacing-left-large:1.92%;--awb-width-medium:100%;--awb-spacing-right-medium:1.92%;--awb-spacing-left-medium:1.92%;--awb-width-small:100%;--awb-spacing-right-small:1.92%;--awb-spacing-left-small:1.92%;\"><div class=\"fusion-column-wrapper fusion-flex-justify-content-flex-start fusion-content-layout-column\"><div class=\"fusion-title title fusion-title-1 fusion-sep-none fusion-title-text fusion-title-size-one\" style=\"--awb-margin-bottom:0px;\"><h1 class=\"title-heading-left\" style=\"margin:0;\"><span style=\"color: #4fb047;\">Comunicaci\u00f3n integral a medida<\/span><\/h1><\/div><div class=\"fusion-separator fusion-full-width-sep\" style=\"align-self: center;margin-left: auto;margin-right: auto;width:100%;\"><div class=\"fusion-separator-border sep-single sep-solid\" style=\"border-color:#4fb047;border-top-width:1px;\"><\/div><\/div><\/div><\/div><\/div><\/div><div class=\"fusion-fullwidth fullwidth-box fusion-builder-row-2 fusion-flex-container nonhundred-percent-fullwidth non-hundred-percent-height-scrolling\" style=\"--awb-border-radius-top-left:0px;--awb-border-radius-top-right:0px;--awb-border-radius-bottom-right:0px;--awb-border-radius-bottom-left:0px;--awb-padding-top:0px;--awb-padding-right:0px;--awb-padding-bottom:0px;--awb-padding-left:0px;--awb-margin-top:0px;--awb-margin-bottom:0px;\" ><div class=\"fusion-builder-row fusion-row fusion-flex-align-items-flex-start\" style=\"max-width:1248px;margin-left: calc(-4% \/ 2 );margin-right: calc(-4% \/ 2 );\"><div class=\"fusion-layout-column fusion_builder_column fusion-builder-column-1 fusion_builder_column_1_1 1_1 fusion-flex-column\" style=\"--awb-padding-top:0px;--awb-padding-right:0px;--awb-padding-bottom:0px;--awb-padding-left:0px;--awb-bg-size:cover;--awb-width-large:100%;--awb-margin-top-large:0px;--awb-spacing-right-large:1.92%;--awb-margin-bottom-large:0px;--awb-spacing-left-large:1.92%;--awb-width-medium:100%;--awb-spacing-right-medium:1.92%;--awb-spacing-left-medium:1.92%;--awb-width-small:100%;--awb-spacing-right-small:1.92%;--awb-spacing-left-small:1.92%;\"><div class=\"fusion-column-wrapper fusion-flex-justify-content-flex-start fusion-content-layout-column\"><div class=\"fusion-text fusion-text-1\"><p><img decoding=\"async\" class=\"alignnone size-full wp-image-4830\" src=\"https:\/\/vertexcomunicacio.com\/wp-content\/uploads\/2017\/12\/destacat_adn-1.jpg\" alt=\"L'ADN de V\u00e8rtex Comunicaci\u00f3 - comunicaci\u00f3n integral\" width=\"1200\" height=\"250\" srcset=\"https:\/\/vertexcomunicacio.com\/wp-content\/uploads\/2017\/12\/destacat_adn-1-200x42.jpg 200w, https:\/\/vertexcomunicacio.com\/wp-content\/uploads\/2017\/12\/destacat_adn-1-300x63.jpg 300w, https:\/\/vertexcomunicacio.com\/wp-content\/uploads\/2017\/12\/destacat_adn-1-400x83.jpg 400w, https:\/\/vertexcomunicacio.com\/wp-content\/uploads\/2017\/12\/destacat_adn-1-600x125.jpg 600w, https:\/\/vertexcomunicacio.com\/wp-content\/uploads\/2017\/12\/destacat_adn-1-768x160.jpg 768w, https:\/\/vertexcomunicacio.com\/wp-content\/uploads\/2017\/12\/destacat_adn-1-800x167.jpg 800w, https:\/\/vertexcomunicacio.com\/wp-content\/uploads\/2017\/12\/destacat_adn-1-1024x213.jpg 1024w, https:\/\/vertexcomunicacio.com\/wp-content\/uploads\/2017\/12\/destacat_adn-1.jpg 1200w\" sizes=\"(max-width: 1200px) 100vw, 1200px\" \/><\/p>\n<\/div><\/div><\/div><\/div><\/div><div class=\"fusion-fullwidth fullwidth-box fusion-builder-row-3 fusion-flex-container nonhundred-percent-fullwidth non-hundred-percent-height-scrolling\" style=\"--awb-border-radius-top-left:0px;--awb-border-radius-top-right:0px;--awb-border-radius-bottom-right:0px;--awb-border-radius-bottom-left:0px;--awb-padding-right:3.334%;--awb-padding-left:3.334%;\" ><div class=\"fusion-builder-row fusion-row fusion-flex-align-items-flex-start\" style=\"max-width:1248px;margin-left: calc(-4% \/ 2 );margin-right: calc(-4% \/ 2 );\"><div class=\"fusion-layout-column fusion_builder_column fusion-builder-column-2 fusion_builder_column_1_3 1_3 fusion-flex-column\" style=\"--awb-bg-size:cover;--awb-width-large:33.333333333333%;--awb-margin-top-large:0px;--awb-spacing-right-large:5.76%;--awb-margin-bottom-large:0px;--awb-spacing-left-large:5.76%;--awb-width-medium:33.333333333333%;--awb-spacing-right-medium:5.76%;--awb-spacing-left-medium:5.76%;--awb-width-small:100%;--awb-spacing-right-small:1.92%;--awb-spacing-left-small:1.92%;\"><div class=\"fusion-column-wrapper fusion-flex-justify-content-flex-start fusion-content-layout-column\"><div class=\"fusion-text fusion-text-2\"><h2 style=\"text-align: left;\"><b>El ADN de V\u00e8rtex <\/b><\/h2>\n<p style=\"text-align: justify;\"><span style=\"font-weight: 400;\">Comunicaci\u00f3n, creaci\u00f3n de contenidos, dise\u00f1o gr\u00e1fico, creaci\u00f3n audiovisual y proyectos web. 5 dimensiones especializadas en servicios de comunicaci\u00f3n variados que convergen en un punto: <\/span><b>V\u00e8rtex Comunicaci\u00f3<\/b><span style=\"font-weight: 400;\">, tu agencia de comunicaci\u00f3n integral.<\/span><\/p>\n<p style=\"text-align: justify;\"><span style=\"font-weight: 400;\">Este es nuestro ADN, marcado por unos genes apasionados y perfeccionistas que trabajan duro y desarrollan con total devoci\u00f3n cada uno de vuestros proyectos de inicio a fin con el claro objetivo de dar vida a vuestras ideas sin que teng\u00e1is que preocuparos de nada. <\/span><\/p>\n<\/div><\/div><\/div><div class=\"fusion-layout-column fusion_builder_column fusion-builder-column-3 fusion_builder_column_1_3 1_3 fusion-flex-column\" style=\"--awb-bg-size:cover;--awb-width-large:33.333333333333%;--awb-margin-top-large:0px;--awb-spacing-right-large:5.76%;--awb-margin-bottom-large:0px;--awb-spacing-left-large:5.76%;--awb-width-medium:33.333333333333%;--awb-spacing-right-medium:5.76%;--awb-spacing-left-medium:5.76%;--awb-width-small:100%;--awb-spacing-right-small:1.92%;--awb-spacing-left-small:1.92%;\"><div class=\"fusion-column-wrapper fusion-flex-justify-content-flex-start fusion-content-layout-column\"><div class=\"fusion-text fusion-text-3\"><h2 style=\"text-align: left;\"><b>Proyectos con car\u00e1cter<\/b><\/h2>\n<p style=\"text-align: justify;\">El car\u00e1cter de nuestros proyectos est\u00e1 determinado por la actitud de un equipo joven, fresco, minucioso y ambicioso. Entendemos que la realidad de cada uno de nuestros clientes es muy distinta. Nos gustan los retos, nos entusiasma la comunicaci\u00f3n y trabajamos con determinaci\u00f3n para transformar vuestros sue\u00f1os en grandes proyectos.<\/p>\n<p style=\"text-align: justify;\"><span style=\"font-weight: 400;\">El equipo de <\/span><b>V\u00e8rtex Comunicaci\u00f3<\/b><span style=\"font-weight: 400;\"> est\u00e1 integrado por personas expertas en \u00e1reas muy distintas de la comunicaci\u00f3n y tambi\u00e9n por una extensa red de colaboradores, lo que nos permite crear proyectos completos, \u00fanicos y para sectores muy variados.\u00a0<\/span><\/p>\n<\/div><\/div><\/div><div class=\"fusion-layout-column fusion_builder_column fusion-builder-column-4 fusion_builder_column_1_3 1_3 fusion-flex-column\" style=\"--awb-bg-size:cover;--awb-width-large:33.333333333333%;--awb-spacing-right-large:5.76%;--awb-spacing-left-large:5.76%;--awb-width-medium:33.333333333333%;--awb-spacing-right-medium:5.76%;--awb-spacing-left-medium:5.76%;--awb-width-small:100%;--awb-spacing-right-small:1.92%;--awb-spacing-left-small:1.92%;\"><div class=\"fusion-column-wrapper fusion-flex-justify-content-flex-start fusion-content-layout-column\"><div class=\"fusion-text fusion-text-4\"><h2 style=\"text-align: left;\"><strong>Comprometidos con tu proyecto<\/strong><\/h2>\n<p style=\"text-align: justify;\"><span style=\"font-weight: 400;\">Nos gusta crecer al lado de nuestros clientes. Nos gusta ver c\u00f3mo vuestros sue\u00f1os toman forma con nosotros. Nos gusta que vuestros \u00e9xitos sean tambi\u00e9n nuestros. Y por ello, nos dejamos la piel en vuestros proyectos, acompa\u00f1\u00e1ndoos durante todo el proceso.<\/span><\/p>\n<p style=\"text-align: justify;\"><span style=\"font-weight: 400;\">Trabajamos con empresas de nueva creaci\u00f3n y tambi\u00e9n con compa\u00f1\u00edas consolidadas de m\u00faltiples sectores, adem\u00e1s de desarrollar proyectos para instituciones y particulares. <\/span><b>Si necesitas una agencia de comunicaci\u00f3n integral, nosotros seremos tus aliados<\/b><span style=\"font-weight: 400;\">. <\/span><\/p>\n<\/div><\/div><\/div><\/div><\/div><div class=\"fusion-fullwidth fullwidth-box fusion-builder-row-4 fusion-flex-container nonhundred-percent-fullwidth non-hundred-percent-height-scrolling\" style=\"--awb-border-radius-top-left:0px;--awb-border-radius-top-right:0px;--awb-border-radius-bottom-right:0px;--awb-border-radius-bottom-left:0px;--awb-padding-right:3.34%;--awb-padding-bottom:15px;--awb-padding-left:3.34%;--awb-background-color:#d6d6d8;\" ><div class=\"fusion-builder-row fusion-row fusion-flex-align-items-flex-start\" style=\"max-width:1248px;margin-left: calc(-4% \/ 2 );margin-right: calc(-4% \/ 2 );\"><div class=\"fusion-layout-column fusion_builder_column fusion-builder-column-5 fusion_builder_column_1_1 1_1 fusion-flex-column\" style=\"--awb-padding-top:10px;--awb-bg-size:cover;--awb-width-large:100%;--awb-spacing-right-large:1.92%;--awb-spacing-left-large:1.92%;--awb-width-medium:100%;--awb-spacing-right-medium:1.92%;--awb-spacing-left-medium:1.92%;--awb-width-small:100%;--awb-spacing-right-small:1.92%;--awb-spacing-left-small:1.92%;\"><div class=\"fusion-column-wrapper fusion-flex-justify-content-flex-start fusion-content-layout-column\"><div class=\"fusion-title title fusion-title-2 fusion-sep-none fusion-title-text fusion-title-size-two\" style=\"--awb-margin-top:15px;--awb-margin-bottom:15px;\"><h2 class=\"title-heading-left\" style=\"margin:0;\"><strong>\u00bfEn qu\u00e9 podemos ayudarte?<\/strong><\/h2><\/div><div class=\"fusion-text fusion-text-5\">\n<\/div><\/div><\/div><\/div><\/div><\/p>\n","protected":false},"excerpt":{"rendered":"","protected":false},"author":1,"featured_media":5180,"parent":0,"menu_order":0,"comment_status":"closed","ping_status":"closed","template":"100-width.php","meta":{"_acf_changed":false,"footnotes":""},"class_list":["post-5316","page","type-page","status-publish","has-post-thumbnail","hentry"],"acf":[],"yoast_head":"<!-- This site is optimized with the Yoast SEO plugin v26.6 - https:\/\/yoast.com\/wordpress\/plugins\/seo\/ -->\n<title>Comunicaci\u00f3n integral | V\u00e8rtex Comunicaci\u00f3<\/title>\n<meta name=\"description\" content=\"V\u00e8rtex Comunicaci\u00f3, especialistas en comunicaci\u00f3n integral: comunicaci\u00f3n, creaci\u00f3n audiovisual, creaci\u00f3n de contenidos, dise\u00f1o gr\u00e1fico y proyectos web.\" \/>\n<meta name=\"robots\" content=\"index, follow, max-snippet:-1, max-image-preview:large, max-video-preview:-1\" \/>\n<link rel=\"canonical\" href=\"https:\/\/vertexcomunicacio.com\/es\/vertex\/\" \/>\n<meta property=\"og:locale\" content=\"es_ES\" \/>\n<meta property=\"og:type\" content=\"article\" \/>\n<meta property=\"og:title\" content=\"Comunicaci\u00f3n integral | V\u00e8rtex Comunicaci\u00f3\" \/>\n<meta property=\"og:description\" content=\"V\u00e8rtex Comunicaci\u00f3, especialistas en comunicaci\u00f3n integral: comunicaci\u00f3n, creaci\u00f3n audiovisual, creaci\u00f3n de contenidos, dise\u00f1o gr\u00e1fico y proyectos web.\" \/>\n<meta property=\"og:url\" content=\"https:\/\/vertexcomunicacio.com\/es\/vertex\/\" \/>\n<meta property=\"og:site_name\" content=\"V\u00e8rtex Comunicaci\u00f3\" \/>\n<meta property=\"article:publisher\" content=\"https:\/\/www.facebook.com\/vertexcomunicacio\/\" \/>\n<meta property=\"article:modified_time\" content=\"2022-08-05T08:56:51+00:00\" \/>\n<meta property=\"og:image\" content=\"https:\/\/vertexcomunicacio.com\/wp-content\/uploads\/2017\/12\/share_adnvertex.jpg\" \/>\n\t<meta property=\"og:image:width\" content=\"600\" \/>\n\t<meta property=\"og:image:height\" content=\"300\" \/>\n\t<meta property=\"og:image:type\" content=\"image\/jpeg\" \/>\n<meta name=\"twitter:card\" content=\"summary_large_image\" \/>\n<meta name=\"twitter:site\" content=\"@vertexcomunica\" \/>\n<meta name=\"twitter:label1\" content=\"Tiempo de lectura\" \/>\n\t<meta name=\"twitter:data1\" content=\"4 minutos\" \/>\n<script type=\"application\/ld+json\" class=\"yoast-schema-graph\">{\"@context\":\"https:\/\/schema.org\",\"@graph\":[{\"@type\":\"WebPage\",\"@id\":\"https:\/\/vertexcomunicacio.com\/es\/vertex\/\",\"url\":\"https:\/\/vertexcomunicacio.com\/es\/vertex\/\",\"name\":\"Comunicaci\u00f3n integral | V\u00e8rtex Comunicaci\u00f3\",\"isPartOf\":{\"@id\":\"https:\/\/vertexcomunicacio.com\/#website\"},\"primaryImageOfPage\":{\"@id\":\"https:\/\/vertexcomunicacio.com\/es\/vertex\/#primaryimage\"},\"image\":{\"@id\":\"https:\/\/vertexcomunicacio.com\/es\/vertex\/#primaryimage\"},\"thumbnailUrl\":\"https:\/\/vertexcomunicacio.com\/wp-content\/uploads\/2017\/12\/share_adnvertex.jpg\",\"datePublished\":\"2017-10-13T09:12:01+00:00\",\"dateModified\":\"2022-08-05T08:56:51+00:00\",\"description\":\"V\u00e8rtex Comunicaci\u00f3, especialistas en comunicaci\u00f3n integral: comunicaci\u00f3n, creaci\u00f3n audiovisual, creaci\u00f3n de contenidos, dise\u00f1o gr\u00e1fico y proyectos web.\",\"breadcrumb\":{\"@id\":\"https:\/\/vertexcomunicacio.com\/es\/vertex\/#breadcrumb\"},\"inLanguage\":\"es\",\"potentialAction\":[{\"@type\":\"ReadAction\",\"target\":[\"https:\/\/vertexcomunicacio.com\/es\/vertex\/\"]}]},{\"@type\":\"ImageObject\",\"inLanguage\":\"es\",\"@id\":\"https:\/\/vertexcomunicacio.com\/es\/vertex\/#primaryimage\",\"url\":\"https:\/\/vertexcomunicacio.com\/wp-content\/uploads\/2017\/12\/share_adnvertex.jpg\",\"contentUrl\":\"https:\/\/vertexcomunicacio.com\/wp-content\/uploads\/2017\/12\/share_adnvertex.jpg\",\"width\":600,\"height\":300,\"caption\":\"comunicaci\u00f3n integral\"},{\"@type\":\"BreadcrumbList\",\"@id\":\"https:\/\/vertexcomunicacio.com\/es\/vertex\/#breadcrumb\",\"itemListElement\":[{\"@type\":\"ListItem\",\"position\":1,\"name\":\"Inici\",\"item\":\"https:\/\/vertexcomunicacio.com\/es\/\"},{\"@type\":\"ListItem\",\"position\":2,\"name\":\"Comunicaci\u00f3n integral\"}]},{\"@type\":\"WebSite\",\"@id\":\"https:\/\/vertexcomunicacio.com\/#website\",\"url\":\"https:\/\/vertexcomunicacio.com\/\",\"name\":\"V\u00e8rtex Comunicaci\u00f3\",\"description\":\"Comunicaci\u00f3, creaci\u00f3 de continguts, disseny gr\u00e0fic, creaci\u00f3 audiovisual i projectes web\",\"publisher\":{\"@id\":\"https:\/\/vertexcomunicacio.com\/#organization\"},\"potentialAction\":[{\"@type\":\"SearchAction\",\"target\":{\"@type\":\"EntryPoint\",\"urlTemplate\":\"https:\/\/vertexcomunicacio.com\/?s={search_term_string}\"},\"query-input\":{\"@type\":\"PropertyValueSpecification\",\"valueRequired\":true,\"valueName\":\"search_term_string\"}}],\"inLanguage\":\"es\"},{\"@type\":\"Organization\",\"@id\":\"https:\/\/vertexcomunicacio.com\/#organization\",\"name\":\"V\u00e8rtex Creatius, SL\",\"url\":\"https:\/\/vertexcomunicacio.com\/\",\"logo\":{\"@type\":\"ImageObject\",\"inLanguage\":\"es\",\"@id\":\"https:\/\/vertexcomunicacio.com\/#\/schema\/logo\/image\/\",\"url\":\"https:\/\/vertexcomunicacio.com\/wp-content\/uploads\/2017\/12\/logo_header.png\",\"contentUrl\":\"https:\/\/vertexcomunicacio.com\/wp-content\/uploads\/2017\/12\/logo_header.png\",\"width\":178,\"height\":155,\"caption\":\"V\u00e8rtex Creatius, SL\"},\"image\":{\"@id\":\"https:\/\/vertexcomunicacio.com\/#\/schema\/logo\/image\/\"},\"sameAs\":[\"https:\/\/www.facebook.com\/vertexcomunicacio\/\",\"https:\/\/x.com\/vertexcomunica\",\"https:\/\/www.instagram.com\/vertexcomunicacio\/\",\"https:\/\/www.linkedin.com\/company\/5138308\/\",\"https:\/\/www.youtube.com\/channel\/UCJ1CgeK2-epqn6GatzDMwZg\"]}]}<\/script>\n<!-- \/ Yoast SEO plugin. -->","yoast_head_json":{"title":"Comunicaci\u00f3n integral | V\u00e8rtex Comunicaci\u00f3","description":"V\u00e8rtex Comunicaci\u00f3, especialistas en comunicaci\u00f3n integral: comunicaci\u00f3n, creaci\u00f3n audiovisual, creaci\u00f3n de contenidos, dise\u00f1o gr\u00e1fico y proyectos web.","robots":{"index":"index","follow":"follow","max-snippet":"max-snippet:-1","max-image-preview":"max-image-preview:large","max-video-preview":"max-video-preview:-1"},"canonical":"https:\/\/vertexcomunicacio.com\/es\/vertex\/","og_locale":"es_ES","og_type":"article","og_title":"Comunicaci\u00f3n integral | V\u00e8rtex Comunicaci\u00f3","og_description":"V\u00e8rtex Comunicaci\u00f3, especialistas en comunicaci\u00f3n integral: comunicaci\u00f3n, creaci\u00f3n audiovisual, creaci\u00f3n de contenidos, dise\u00f1o gr\u00e1fico y proyectos web.","og_url":"https:\/\/vertexcomunicacio.com\/es\/vertex\/","og_site_name":"V\u00e8rtex Comunicaci\u00f3","article_publisher":"https:\/\/www.facebook.com\/vertexcomunicacio\/","article_modified_time":"2022-08-05T08:56:51+00:00","og_image":[{"width":600,"height":300,"url":"https:\/\/vertexcomunicacio.com\/wp-content\/uploads\/2017\/12\/share_adnvertex.jpg","type":"image\/jpeg"}],"twitter_card":"summary_large_image","twitter_site":"@vertexcomunica","twitter_misc":{"Tiempo de lectura":"4 minutos"},"schema":{"@context":"https:\/\/schema.org","@graph":[{"@type":"WebPage","@id":"https:\/\/vertexcomunicacio.com\/es\/vertex\/","url":"https:\/\/vertexcomunicacio.com\/es\/vertex\/","name":"Comunicaci\u00f3n integral | V\u00e8rtex Comunicaci\u00f3","isPartOf":{"@id":"https:\/\/vertexcomunicacio.com\/#website"},"primaryImageOfPage":{"@id":"https:\/\/vertexcomunicacio.com\/es\/vertex\/#primaryimage"},"image":{"@id":"https:\/\/vertexcomunicacio.com\/es\/vertex\/#primaryimage"},"thumbnailUrl":"https:\/\/vertexcomunicacio.com\/wp-content\/uploads\/2017\/12\/share_adnvertex.jpg","datePublished":"2017-10-13T09:12:01+00:00","dateModified":"2022-08-05T08:56:51+00:00","description":"V\u00e8rtex Comunicaci\u00f3, especialistas en comunicaci\u00f3n integral: comunicaci\u00f3n, creaci\u00f3n audiovisual, creaci\u00f3n de contenidos, dise\u00f1o gr\u00e1fico y proyectos web.","breadcrumb":{"@id":"https:\/\/vertexcomunicacio.com\/es\/vertex\/#breadcrumb"},"inLanguage":"es","potentialAction":[{"@type":"ReadAction","target":["https:\/\/vertexcomunicacio.com\/es\/vertex\/"]}]},{"@type":"ImageObject","inLanguage":"es","@id":"https:\/\/vertexcomunicacio.com\/es\/vertex\/#primaryimage","url":"https:\/\/vertexcomunicacio.com\/wp-content\/uploads\/2017\/12\/share_adnvertex.jpg","contentUrl":"https:\/\/vertexcomunicacio.com\/wp-content\/uploads\/2017\/12\/share_adnvertex.jpg","width":600,"height":300,"caption":"comunicaci\u00f3n integral"},{"@type":"BreadcrumbList","@id":"https:\/\/vertexcomunicacio.com\/es\/vertex\/#breadcrumb","itemListElement":[{"@type":"ListItem","position":1,"name":"Inici","item":"https:\/\/vertexcomunicacio.com\/es\/"},{"@type":"ListItem","position":2,"name":"Comunicaci\u00f3n integral"}]},{"@type":"WebSite","@id":"https:\/\/vertexcomunicacio.com\/#website","url":"https:\/\/vertexcomunicacio.com\/","name":"V\u00e8rtex Comunicaci\u00f3","description":"Comunicaci\u00f3, creaci\u00f3 de continguts, disseny gr\u00e0fic, creaci\u00f3 audiovisual i projectes web","publisher":{"@id":"https:\/\/vertexcomunicacio.com\/#organization"},"potentialAction":[{"@type":"SearchAction","target":{"@type":"EntryPoint","urlTemplate":"https:\/\/vertexcomunicacio.com\/?s={search_term_string}"},"query-input":{"@type":"PropertyValueSpecification","valueRequired":true,"valueName":"search_term_string"}}],"inLanguage":"es"},{"@type":"Organization","@id":"https:\/\/vertexcomunicacio.com\/#organization","name":"V\u00e8rtex Creatius, SL","url":"https:\/\/vertexcomunicacio.com\/","logo":{"@type":"ImageObject","inLanguage":"es","@id":"https:\/\/vertexcomunicacio.com\/#\/schema\/logo\/image\/","url":"https:\/\/vertexcomunicacio.com\/wp-content\/uploads\/2017\/12\/logo_header.png","contentUrl":"https:\/\/vertexcomunicacio.com\/wp-content\/uploads\/2017\/12\/logo_header.png","width":178,"height":155,"caption":"V\u00e8rtex Creatius, SL"},"image":{"@id":"https:\/\/vertexcomunicacio.com\/#\/schema\/logo\/image\/"},"sameAs":["https:\/\/www.facebook.com\/vertexcomunicacio\/","https:\/\/x.com\/vertexcomunica","https:\/\/www.instagram.com\/vertexcomunicacio\/","https:\/\/www.linkedin.com\/company\/5138308\/","https:\/\/www.youtube.com\/channel\/UCJ1CgeK2-epqn6GatzDMwZg"]}]}},"_links":{"self":[{"href":"https:\/\/vertexcomunicacio.com\/es\/wp-json\/wp\/v2\/pages\/5316","targetHints":{"allow":["GET"]}}],"collection":[{"href":"https:\/\/vertexcomunicacio.com\/es\/wp-json\/wp\/v2\/pages"}],"about":[{"href":"https:\/\/vertexcomunicacio.com\/es\/wp-json\/wp\/v2\/types\/page"}],"author":[{"embeddable":true,"href":"https:\/\/vertexcomunicacio.com\/es\/wp-json\/wp\/v2\/users\/1"}],"replies":[{"embeddable":true,"href":"https:\/\/vertexcomunicacio.com\/es\/wp-json\/wp\/v2\/comments?post=5316"}],"version-history":[{"count":5,"href":"https:\/\/vertexcomunicacio.com\/es\/wp-json\/wp\/v2\/pages\/5316\/revisions"}],"predecessor-version":[{"id":9406,"href":"https:\/\/vertexcomunicacio.com\/es\/wp-json\/wp\/v2\/pages\/5316\/revisions\/9406"}],"wp:featuredmedia":[{"embeddable":true,"href":"https:\/\/vertexcomunicacio.com\/es\/wp-json\/wp\/v2\/media\/5180"}],"wp:attachment":[{"href":"https:\/\/vertexcomunicacio.com\/es\/wp-json\/wp\/v2\/media?parent=5316"}],"curies":[{"name":"wp","href":"https:\/\/api.w.org\/{rel}","templated":true}]}}